{"id":1832,"date":"2020-02-01T03:53:13","date_gmt":"2020-02-01T03:53:13","guid":{"rendered":"https:\/\/mentoryonline.com\/mentoryonline.com\/start-here\/"},"modified":"2022-02-03T20:00:35","modified_gmt":"2022-02-03T20:00:35","slug":"servicios","status":"publish","type":"page","link":"https:\/\/mentory.edu.do\/en\/servicios\/","title":{"rendered":"Servicios"},"content":{"rendered":"<div data-elementor-type=\"wp-page\" data-elementor-id=\"1832\" class=\"elementor elementor-1832\">\n\t\t\t\t\t\t<div class=\"elementor-inner\">\n\t\t\t\t<div class=\"elementor-section-wrap\">\n\t\t\t\t\t\t\t\t\t<section class=\"elementor-section elementor-top-section elementor-element elementor-element-d3cf750 elementor-section-stretched elementor-section-boxed elementor-section-gap-beside-yes elementor-section-height-default elementor-section-height-default elementor-section-column-vertical-align-stretch\" data-id=\"d3cf750\" data-element_type=\"section\" data-settings=\"{&quot;stretch_section&quot;:&quot;section-stretched&quot;}\">\n\t\t\t\t\t\t<div class=\"elementor-container elementor-column-gap-extended\">\n\t\t\t\t\t\t\t<div class=\"elementor-row\">\n\t\t\t\t\t<div class=\"elementor-column elementor-col-100 elementor-top-column elementor-element elementor-element-3ee0422\" data-id=\"3ee0422\" data-element_type=\"column\">\n\t\t\t<div class=\"elementor-column-wrap elementor-element-populated\">\n\t\t\t\t\t\t\t<div class=\"elementor-widget-wrap\">\n\t\t\t\t\t\t<div class=\"elementor-element elementor-element-c416a64 elementor-widget elementor-widget-tm-heading\" data-id=\"c416a64\" data-element_type=\"widget\" data-widget_type=\"tm-heading.default\">\n\t\t\t\t<div class=\"elementor-widget-container\">\n\t\t\t\t\t<div class=\"tm-modern-heading\">\n\t\t\t\t\t<div class=\"heading-secondary-wrap\">\n\t\t\t<h3 class=\"heading-secondary elementor-heading-title\">Los pasos para el \u00e9xito<\/h3>\t\t<\/div>\n\t\t\n\t\t\t\t\t<div class=\"heading-primary-wrap\">\n\t\t\t<h2 class=\"heading-primary elementor-heading-title\">Expande las oportunidades <br\/>de tu crecimiento<\/h2>\t\t<\/div>\n\t\t\n\t\t\t\n\t\t\t\t\t<\/div>\n\t\t\t\t<\/div>\n\t\t\t\t<\/div>\n\t\t\t\t<div class=\"elementor-element elementor-element-736fbfb elementor-widget elementor-widget-tm-timeline\" data-id=\"736fbfb\" data-element_type=\"widget\" data-widget_type=\"tm-timeline.default\">\n\t\t\t\t<div class=\"elementor-widget-container\">\n\t\t\t\t\t<div class=\"maxcoach-timeline style-01\">\n\t\t\t<div class=\"timeline-line\"><\/div>\n\t\t\t\t\t\t\t<div class=\"timeline-list maxcoach-entrance-animation-queue\">\n\t\t\t\t\t\t\t\t\t\t\t<div class=\"timeline-item item\">\n\t\t\t\t\t\t\t<div class=\"timeline-dot\"><\/div>\n\n\t\t\t\t\t\t\t<div class=\"content-wrap\">\n\t\t\t\t\t\t\t\t<div class=\"content-header\">\n\t\t\t\t\t\t\t\t\t<div class=\"content-inner\">\n\t\t\t\t\t\t\t\t\t\t\t\t\t\t\t\t\t\t\t\t\t<h5 class=\"title\">UNIDAD DE CRECIMIENTO PERSONAL<\/h5>\n\t\t\t\t\t\t\t\t\t\t\n\t\t\t\t\t\t\t\t\t\t<div class=\"maxcoach-image image\">\n\t\t\t\t\t\t\t\t\t\t\t<img decoding=\"async\" src=\"https:\/\/mentory.edu.do\/wp-content\/uploads\/2020\/05\/mentory47-500x350.png\" alt=\"mentory47\" width=\"500\" title=\"\">\t\t\t\t\t\t\t\t\t\t<\/div>\n\t\t\t\t\t\t\t\t\t<\/div>\n\t\t\t\t\t\t\t\t<\/div>\n\n\t\t\t\t\t\t\t\t<div class=\"content-main\">\n\t\t\t\t\t\t\t\t\t<div class=\"content-inner\">\n\t\t\t\t\t\t\t\t\t\t\n\t\t\t\t\t\t\t\t\t\t\t\t\t\t\t\t\t\t\t\t\t<div class=\"description\">\n\t\t\t\t\t\t\t\t\t\t\t\t<p>Desde esta unidad se ofrecen servicios de mentor\u00eda en el dise\u00f1o y auto-gesti\u00f3n de proyectos de crecimiento personal, servicios de consejer\u00eda para potenciar habilidades de crecimiento y resiliencia personal; y servicios de estimulaci\u00f3n psicoterapia cognitiva.<\/p><p><a href=\"https:\/\/mentoryonline.com\/crecimiento-personal\/\" rel=\"noopener\" target=\"_blank\">MAS+<\/a><\/p><p>\u00a0<\/p><p>\u00a0<\/p>\t\t\t\t\t\t\t\t\t\t\t<\/div>\n\t\t\t\t\t\t\t\t\t\t\t\t\t\t\t\t\t\t\t<\/div>\n\t\t\t\t\t\t\t\t<\/div>\n\t\t\t\t\t\t\t<\/div>\n\t\t\t\t\t\t<\/div>\n\t\t\t\t\t\t\t\t\t\t\t<div class=\"timeline-item item\">\n\t\t\t\t\t\t\t<div class=\"timeline-dot\"><\/div>\n\n\t\t\t\t\t\t\t<div class=\"content-wrap\">\n\t\t\t\t\t\t\t\t<div class=\"content-header\">\n\t\t\t\t\t\t\t\t\t<div class=\"content-inner\">\n\t\t\t\t\t\t\t\t\t\t\t\t\t\t\t\t\t\t\t\t\t<h5 class=\"title\">UNIDAD DE AUTODESARROLLO PROFESIONAL<\/h5>\n\t\t\t\t\t\t\t\t\t\t\n\t\t\t\t\t\t\t\t\t\t<div class=\"maxcoach-image image\">\n\t\t\t\t\t\t\t\t\t\t\t<img decoding=\"async\" src=\"https:\/\/mentory.edu.do\/wp-content\/uploads\/2020\/05\/mentory39-500x350.png\" alt=\"mentory39\" width=\"500\" title=\"\">\t\t\t\t\t\t\t\t\t\t<\/div>\n\t\t\t\t\t\t\t\t\t<\/div>\n\t\t\t\t\t\t\t\t<\/div>\n\n\t\t\t\t\t\t\t\t<div class=\"content-main\">\n\t\t\t\t\t\t\t\t\t<div class=\"content-inner\">\n\t\t\t\t\t\t\t\t\t\t\n\t\t\t\t\t\t\t\t\t\t\t\t\t\t\t\t\t\t\t\t\t<div class=\"description\">\n\t\t\t\t\t\t\t\t\t\t\t\t<p>Desde esta unidad se ofrecen servicios de coaching en dise\u00f1o y auto-gesti\u00f3n de planes de autodesarrollo profesional y en desarrollo de iniciativas de emprendimiento; Servicios de apoyo tutorial para el desarrollo de habilidades de auto-formaci\u00f3n\u00a0 y dominio de herramientas de aprendizaje online; Servicios de tutor\u00edas acad\u00e9micas para el dominio de \u00e1reas y contenidos de aprendizajes.<\/p><p><a href=\"https:\/\/mentoryonline.com\/autodesarrollo-profesional\/\" rel=\"noopener\" target=\"_blank\">MAS+<\/a><\/p><p>\u00a0<\/p><p>\u00a0<\/p>\t\t\t\t\t\t\t\t\t\t\t<\/div>\n\t\t\t\t\t\t\t\t\t\t\t\t\t\t\t\t\t\t\t<\/div>\n\t\t\t\t\t\t\t\t<\/div>\n\t\t\t\t\t\t\t<\/div>\n\t\t\t\t\t\t<\/div>\n\t\t\t\t\t\t\t\t\t\t\t<div class=\"timeline-item item\">\n\t\t\t\t\t\t\t<div class=\"timeline-dot\"><\/div>\n\n\t\t\t\t\t\t\t<div class=\"content-wrap\">\n\t\t\t\t\t\t\t\t<div class=\"content-header\">\n\t\t\t\t\t\t\t\t\t<div class=\"content-inner\">\n\t\t\t\t\t\t\t\t\t\t\t\t\t\t\t\t\t\t\t\t\t<h5 class=\"title\">UNIDAD DE SERVICIOS CORPORTATIVO<\/h5>\n\t\t\t\t\t\t\t\t\t\t\n\t\t\t\t\t\t\t\t\t\t<div class=\"maxcoach-image image\">\n\t\t\t\t\t\t\t\t\t\t\t<img decoding=\"async\" src=\"https:\/\/mentory.edu.do\/wp-content\/uploads\/2020\/05\/mentory_programa_3-500x350.jpg\" alt=\"mentory_programa_3\" width=\"500\" title=\"\">\t\t\t\t\t\t\t\t\t\t<\/div>\n\t\t\t\t\t\t\t\t\t<\/div>\n\t\t\t\t\t\t\t\t<\/div>\n\n\t\t\t\t\t\t\t\t<div class=\"content-main\">\n\t\t\t\t\t\t\t\t\t<div class=\"content-inner\">\n\t\t\t\t\t\t\t\t\t\t\n\t\t\t\t\t\t\t\t\t\t\t\t\t\t\t\t\t\t\t\t\t<div class=\"description\">\n\t\t\t\t\t\t\t\t\t\t\t\t<p>Desde este componente se desarrollan servicios de consultor\u00edas corporativas en desarrollo de programas online de capacitaci\u00f3n para la mejora, dise\u00f1o de proyectos educativos de responsabilidad social corporativa, dise\u00f1o y evaluaci\u00f3n de programas de formaci\u00f3n y proyectos de innovaci\u00f3n educativa, dise\u00f1o de contenidos de aprendizajes en modalidad virtual y l\u00ednea base y monitoreo de ejecuci\u00f3n de proyectos.<\/p><p><a href=\"https:\/\/mentoryonline.com\/servicios-corporativos\/\" rel=\"noopener\" target=\"_blank\">MAS+<\/a><\/p><p>\u00a0<\/p><p>\u00a0<\/p>\t\t\t\t\t\t\t\t\t\t\t<\/div>\n\t\t\t\t\t\t\t\t\t\t\t\t\t\t\t\t\t\t\t<\/div>\n\t\t\t\t\t\t\t\t<\/div>\n\t\t\t\t\t\t\t<\/div>\n\t\t\t\t\t\t<\/div>\n\t\t\t\t\t\t\t\t\t<\/div>\n\t\t\t\t\t<\/div>\n\t\t\t\t<\/div>\n\t\t\t\t<\/div>\n\t\t\t\t\t\t<\/div>\n\t\t\t\t\t<\/div>\n\t\t<\/div>\n\t\t\t\t\t\t\t\t<\/div>\n\t\t\t\t\t<\/div>\n\t\t<\/section>\n\t\t\t\t<section class=\"elementor-section elementor-top-section elementor-element elementor-element-50075af elementor-section-boxed elementor-section-gap-beside-yes elementor-section-height-default elementor-section-height-default elementor-section-column-vertical-align-stretch\" data-id=\"50075af\" data-element_type=\"section\" data-settings=\"{&quot;background_background&quot;:&quot;classic&quot;}\">\n\t\t\t\t\t\t<div class=\"elementor-container elementor-column-gap-extended\">\n\t\t\t\t\t\t\t<div class=\"elementor-row\">\n\t\t\t\t\t<div class=\"elementor-column elementor-col-100 elementor-top-column elementor-element elementor-element-226de6a\" data-id=\"226de6a\" data-element_type=\"column\">\n\t\t\t<div class=\"elementor-column-wrap elementor-element-populated\">\n\t\t\t\t\t\t\t<div class=\"elementor-widget-wrap\">\n\t\t\t\t\t\t<div class=\"elementor-element elementor-element-fa6e207 elementor-widget elementor-widget-tm-heading\" data-id=\"fa6e207\" data-element_type=\"widget\" data-widget_type=\"tm-heading.default\">\n\t\t\t\t<div class=\"elementor-widget-container\">\n\t\t\t\t\t<div class=\"tm-modern-heading\">\n\t\t\t\t\t<div class=\"heading-secondary-wrap\">\n\t\t\t<h3 class=\"heading-secondary elementor-heading-title\">Forma parte de <strong>Mentory Online<\/strong><\/h3>\t\t<\/div>\n\t\t\n\t\t\t\t\t<div class=\"heading-primary-wrap\">\n\t\t\t<h2 class=\"heading-primary elementor-heading-title\">Consulta m\u00e1s detalles sobre como ser parte <br\/>de Mentory Online.<\/h2>\t\t<\/div>\n\t\t\n\t\t\t\n\t\t\t\t\t<\/div>\n\t\t\t\t<\/div>\n\t\t\t\t<\/div>\n\t\t\t\t<div class=\"elementor-element elementor-element-a65918e elementor-align-center elementor-widget elementor-widget-tm-button\" data-id=\"a65918e\" data-element_type=\"widget\" data-widget_type=\"tm-button.default\">\n\t\t\t\t<div class=\"elementor-widget-container\">\n\t\t\t\t\t<div class=\"tm-button-wrapper\">\n\t\t\t<a href=\"https:\/\/mentoryonline.com\/contacto\/\" class=\"tm-button-link tm-button style-flat tm-button-nm\" role=\"button\">\n\t\t\t\t\t\t<div class=\"button-content-wrapper\">\n\t\t\t\n\t\t\t\t\t\t\t<span class=\"button-text\">Cont\u00e1ctanos ya!<\/span>\n\t\t\t\n\t\t\t\t\t<\/div>\n\t\t\n\t\t\t\t\t\t\t<\/a>\n\t\t<\/div>\n\t\t\t\t<\/div>\n\t\t\t\t<\/div>\n\t\t\t\t\t\t<\/div>\n\t\t\t\t\t<\/div>\n\t\t<\/div>\n\t\t\t\t\t\t\t\t<\/div>\n\t\t\t\t\t<\/div>\n\t\t<\/section>\n\t\t\t\t\t\t\t\t\t<\/div>\n\t\t\t<\/div>\n\t\t\t\t\t<\/div>","protected":false},"excerpt":{"rendered":"<p>Los pasos para el \u00e9xito Expande las oportunidades de tu crecimiento UNIDAD DE CRECIMIENTO PERSONAL Desde esta unidad se ofrecen servicios de mentor\u00eda en el dise\u00f1o y auto-gesti\u00f3n de proyectos de crecimiento personal, servicios de consejer\u00eda para potenciar habilidades de crecimiento y resiliencia personal; y servicios de estimulaci\u00f3n psicoterapia cognitiva. MAS+ UNIDAD DE AUTODESARROLLO PROFESIONAL Desde esta unidad se ofrecen servicios de coaching en dise\u00f1o y auto-gesti\u00f3n de planes de autodesarrollo profesional y en desarrollo de iniciativas de emprendimiento; Servicios de apoyo tutorial para el desarrollo de habilidades de auto-formaci\u00f3n\u00a0 y dominio de herramientas de aprendizaje online; Servicios de tutor\u00edas acad\u00e9micas para el dominio de \u00e1reas y contenidos de aprendizajes. MAS+ UNIDAD DE SERVICIOS CORPORTATIVO Desde este componente se desarrollan servicios de consultor\u00edas corporativas en desarrollo de programas online de capacitaci\u00f3n para la mejora, dise\u00f1o de proyectos educativos de responsabilidad social corporativa, dise\u00f1o y evaluaci\u00f3n de programas de formaci\u00f3n y proyectos de innovaci\u00f3n educativa, dise\u00f1o de contenidos de aprendizajes en modalidad virtual y l\u00ednea base y monitoreo de ejecuci\u00f3n de proyectos. MAS+ Forma parte de Mentory Online Consulta m\u00e1s detalles sobre como ser parte de Mentory Online. Cont\u00e1ctanos ya!<\/p>","protected":false},"author":1,"featured_media":0,"parent":0,"menu_order":0,"comment_status":"closed","ping_status":"closed","template":"","meta":{"_joinchat":[]},"_links":{"self":[{"href":"https:\/\/mentory.edu.do\/en\/wp-json\/wp\/v2\/pages\/1832"}],"collection":[{"href":"https:\/\/mentory.edu.do\/en\/wp-json\/wp\/v2\/pages"}],"about":[{"href":"https:\/\/mentory.edu.do\/en\/wp-json\/wp\/v2\/types\/page"}],"author":[{"embeddable":true,"href":"https:\/\/mentory.edu.do\/en\/wp-json\/wp\/v2\/users\/1"}],"replies":[{"embeddable":true,"href":"https:\/\/mentory.edu.do\/en\/wp-json\/wp\/v2\/comments?post=1832"}],"version-history":[{"count":26,"href":"https:\/\/mentory.edu.do\/en\/wp-json\/wp\/v2\/pages\/1832\/revisions"}],"predecessor-version":[{"id":3171,"href":"https:\/\/mentory.edu.do\/en\/wp-json\/wp\/v2\/pages\/1832\/revisions\/3171"}],"wp:attachment":[{"href":"https:\/\/mentory.edu.do\/en\/wp-json\/wp\/v2\/media?parent=1832"}],"curies":[{"name":"wp","href":"https:\/\/api.w.org\/{rel}","templated":true}]}}