{"id":2706,"date":"2020-05-11T20:59:23","date_gmt":"2020-05-11T20:59:23","guid":{"rendered":"https:\/\/mentoryonline.com\/?page_id=2706"},"modified":"2022-02-03T19:24:56","modified_gmt":"2022-02-03T19:24:56","slug":"autodesarrollo-profesional","status":"publish","type":"page","link":"https:\/\/mentory.edu.do\/en\/autodesarrollo-profesional\/","title":{"rendered":"Autodesarrollo Profesional"},"content":{"rendered":"<div data-elementor-type=\"wp-page\" data-elementor-id=\"2706\" class=\"elementor elementor-2706\">\n\t\t\t\t\t\t<div class=\"elementor-inner\">\n\t\t\t\t<div class=\"elementor-section-wrap\">\n\t\t\t\t\t\t\t\t\t<section class=\"elementor-section elementor-top-section elementor-element elementor-element-88583c1 elementor-reverse-tablet elementor-reverse-mobile elementor-section-column-vertical-align-middle elementor-section-boxed elementor-section-gap-beside-yes elementor-section-height-default elementor-section-height-default\" data-id=\"88583c1\" data-element_type=\"section\">\n\t\t\t\t\t\t<div class=\"elementor-container elementor-column-gap-extended\">\n\t\t\t\t\t\t\t<div class=\"elementor-row\">\n\t\t\t\t\t<div class=\"elementor-column elementor-col-50 elementor-top-column elementor-element elementor-element-7c65ed6 elementor-invisible\" data-id=\"7c65ed6\" data-element_type=\"column\" data-settings=\"{&quot;animation&quot;:&quot;maxcoachFadeInUp&quot;}\">\n\t\t\t<div class=\"elementor-column-wrap elementor-element-populated\">\n\t\t\t\t\t\t\t<div class=\"elementor-widget-wrap\">\n\t\t\t\t\t\t<div class=\"elementor-element elementor-element-edfe88b elementor-invisible elementor-widget elementor-widget-tm-heading\" data-id=\"edfe88b\" data-element_type=\"widget\" data-settings=\"{&quot;_animation&quot;:&quot;maxcoachFadeInUp&quot;}\" data-widget_type=\"tm-heading.default\">\n\t\t\t\t<div class=\"elementor-widget-container\">\n\t\t\t\t\t<div class=\"tm-modern-heading\">\n\t\t\t\n\t\t\t\t\t<div class=\"heading-primary-wrap\">\n\t\t\t<h2 class=\"heading-primary elementor-heading-title\">UNIDAD DE AUTODESARROLLO PROFESIONAL<\/h2>\t\t<\/div>\n\t\t\n\t\t\t\n\t\t\t\t\t<div class=\"heading-description-wrap\">\n\t\t\t<div class=\"heading-description\">\n\t\t\t\t<p>Desde esta unidad se ofrecen servicios de coaching en dise\u00f1o y auto-gesti\u00f3n de planes de autodesarrollo profesional y en desarrollo de iniciativas de emprendimiento; Servicios de apoyo tutorial para el fortalecimiento de habilidades de auto-formaci\u00f3n\u00a0 y dominio de herramientas de aprendizaje online; Servicios de tutor\u00edas acad\u00e9micas para el dominio de \u00e1reas y contenidos de aprendizajes.<\/p><p>\u00a0<\/p>\t\t\t<\/div>\n\t\t<\/div>\n\t\t\t<\/div>\n\t\t\t\t<\/div>\n\t\t\t\t<\/div>\n\t\t\t\t\t\t<\/div>\n\t\t\t\t\t<\/div>\n\t\t<\/div>\n\t\t\t\t<div class=\"elementor-column elementor-col-50 elementor-top-column elementor-element elementor-element-992b15f elementor-invisible\" data-id=\"992b15f\" data-element_type=\"column\" data-settings=\"{&quot;animation&quot;:&quot;maxcoachFadeInUp&quot;}\">\n\t\t\t<div class=\"elementor-column-wrap elementor-element-populated\">\n\t\t\t\t\t\t\t<div class=\"elementor-widget-wrap\">\n\t\t\t\t\t\t<div class=\"elementor-element elementor-element-a07b602 elementor-widget__width-initial elementor-absolute elementor-widget elementor-widget-image\" data-id=\"a07b602\" data-element_type=\"widget\" data-settings=\"{&quot;motion_fx_motion_fx_mouse&quot;:&quot;yes&quot;,&quot;motion_fx_mouseTrack_effect&quot;:&quot;yes&quot;,&quot;_position&quot;:&quot;absolute&quot;,&quot;motion_fx_mouseTrack_speed&quot;:{&quot;unit&quot;:&quot;px&quot;,&quot;size&quot;:1,&quot;sizes&quot;:[]}}\" data-widget_type=\"image.default\">\n\t\t\t\t<div class=\"elementor-widget-container\">\n\t\t\t\t\t\t\t\t<div class=\"elementor-image\">\n\t\t\t\t\t\t\t\t\t\t\t\t<img decoding=\"async\" width=\"152\" height=\"127\" src=\"https:\/\/mentory.edu.do\/wp-content\/uploads\/2019\/12\/maxcoach-shape-08-1.png\" class=\"attachment-full size-full wp-image-476\" alt=\"\" loading=\"lazy\" title=\"\">\t\t\t\t\t\t\t\t\t\t\t\t\t\t<\/div>\n\t\t\t\t\t\t<\/div>\n\t\t\t\t<\/div>\n\t\t\t\t<div class=\"elementor-element elementor-element-a0002f3 elementor-widget__width-auto elementor-absolute elementor-widget-mobile__width-initial elementor-widget elementor-widget-image\" data-id=\"a0002f3\" data-element_type=\"widget\" data-settings=\"{&quot;motion_fx_motion_fx_mouse&quot;:&quot;yes&quot;,&quot;motion_fx_mouseTrack_effect&quot;:&quot;yes&quot;,&quot;motion_fx_mouseTrack_direction&quot;:&quot;negative&quot;,&quot;_position&quot;:&quot;absolute&quot;,&quot;motion_fx_mouseTrack_speed&quot;:{&quot;unit&quot;:&quot;px&quot;,&quot;size&quot;:1,&quot;sizes&quot;:[]}}\" data-widget_type=\"image.default\">\n\t\t\t\t<div class=\"elementor-widget-container\">\n\t\t\t\t\t\t\t\t<div class=\"elementor-image\">\n\t\t\t\t\t\t\t\t\t\t\t\t<img decoding=\"async\" width=\"127\" height=\"123\" src=\"https:\/\/mentory.edu.do\/wp-content\/uploads\/2019\/12\/maxcoach-shape-02-1.png\" class=\"attachment-full size-full wp-image-470\" alt=\"\" loading=\"lazy\" title=\"\">\t\t\t\t\t\t\t\t\t\t\t\t\t\t<\/div>\n\t\t\t\t\t\t<\/div>\n\t\t\t\t<\/div>\n\t\t\t\t<div class=\"elementor-element elementor-element-d2bc43a elementor-widget__width-initial elementor-absolute elementor-widget-mobile__width-initial elementor-widget elementor-widget-image\" data-id=\"d2bc43a\" data-element_type=\"widget\" data-settings=\"{&quot;motion_fx_motion_fx_mouse&quot;:&quot;yes&quot;,&quot;motion_fx_mouseTrack_effect&quot;:&quot;yes&quot;,&quot;_position&quot;:&quot;absolute&quot;,&quot;motion_fx_mouseTrack_speed&quot;:{&quot;unit&quot;:&quot;px&quot;,&quot;size&quot;:1,&quot;sizes&quot;:[]}}\" data-widget_type=\"image.default\">\n\t\t\t\t<div class=\"elementor-widget-container\">\n\t\t\t\t\t\t\t\t<div class=\"elementor-image\">\n\t\t\t\t\t\t\t\t\t\t\t\t<img decoding=\"async\" width=\"170\" height=\"170\" src=\"https:\/\/mentory.edu.do\/wp-content\/uploads\/2019\/12\/maxcoach-shape-07-1.png\" class=\"attachment-full size-full wp-image-477\" alt=\"\" loading=\"lazy\" srcset=\"https:\/\/mentory.edu.do\/wp-content\/uploads\/2019\/12\/maxcoach-shape-07-1.png 170w, https:\/\/mentory.edu.do\/wp-content\/uploads\/2019\/12\/maxcoach-shape-07-1-100x100.png 100w, https:\/\/mentory.edu.do\/wp-content\/uploads\/2019\/12\/maxcoach-shape-07-1-150x150.png 150w, https:\/\/mentory.edu.do\/wp-content\/uploads\/2019\/12\/maxcoach-shape-07-1-96x96.png 96w\" sizes=\"(max-width: 170px) 100vw, 170px\" title=\"\">\t\t\t\t\t\t\t\t\t\t\t\t\t\t<\/div>\n\t\t\t\t\t\t<\/div>\n\t\t\t\t<\/div>\n\t\t\t\t<div class=\"elementor-element elementor-element-613be82 elementor-widget__width-auto elementor-absolute elementor-hidden-phone elementor-widget elementor-widget-image\" data-id=\"613be82\" data-element_type=\"widget\" data-settings=\"{&quot;motion_fx_motion_fx_mouse&quot;:&quot;yes&quot;,&quot;motion_fx_mouseTrack_effect&quot;:&quot;yes&quot;,&quot;_position&quot;:&quot;absolute&quot;,&quot;motion_fx_mouseTrack_speed&quot;:{&quot;unit&quot;:&quot;px&quot;,&quot;size&quot;:1,&quot;sizes&quot;:[]}}\" data-widget_type=\"image.default\">\n\t\t\t\t<div class=\"elementor-widget-container\">\n\t\t\t\t\t\t\t\t<div class=\"elementor-image\">\n\t\t\t\t\t\t\t\t\t\t\t\t<img decoding=\"async\" width=\"152\" height=\"127\" src=\"https:\/\/mentory.edu.do\/wp-content\/uploads\/2019\/12\/maxcoach-shape-08-1.png\" class=\"attachment-full size-full wp-image-476\" alt=\"\" loading=\"lazy\" title=\"\">\t\t\t\t\t\t\t\t\t\t\t\t\t\t<\/div>\n\t\t\t\t\t\t<\/div>\n\t\t\t\t<\/div>\n\t\t\t\t<div class=\"elementor-element elementor-element-8212a86 maxcoach-shape-border-circle elementor-widget__width-auto elementor-absolute elementor-widget elementor-widget-tm-shapes\" data-id=\"8212a86\" data-element_type=\"widget\" data-settings=\"{&quot;motion_fx_motion_fx_mouse&quot;:&quot;yes&quot;,&quot;motion_fx_mouseTrack_effect&quot;:&quot;yes&quot;,&quot;motion_fx_mouseTrack_direction&quot;:&quot;negative&quot;,&quot;_position&quot;:&quot;absolute&quot;,&quot;motion_fx_mouseTrack_speed&quot;:{&quot;unit&quot;:&quot;px&quot;,&quot;size&quot;:1,&quot;sizes&quot;:[]}}\" data-widget_type=\"tm-shapes.default\">\n\t\t\t\t<div class=\"elementor-widget-container\">\n\t\t\t\t\t<div class=\"maxcoach-shape maxcoach-shape-1-1\">\n\t\t\t\t\t\t\t<div class=\"shape\"><\/div>\n\t\t\t\t\t<\/div>\n\t\t\t\t<\/div>\n\t\t\t\t<\/div>\n\t\t\t\t<div class=\"elementor-element elementor-element-6a68ff1 elementor-widget__width-auto elementor-widget elementor-widget-image\" data-id=\"6a68ff1\" data-element_type=\"widget\" data-widget_type=\"image.default\">\n\t\t\t\t<div class=\"elementor-widget-container\">\n\t\t\t\t\t\t\t\t<div class=\"elementor-image\">\n\t\t\t\t\t\t\t\t\t\t\t\t<img decoding=\"async\" src=\"https:\/\/mentory.edu.do\/wp-content\/uploads\/elementor\/thumbs\/mentory39-pcrk93p7nh71s5zzgow4wj64gsbp0zbyiwb9ct8xj8.png\" title=\"mentory39\" alt=\"mentory39\" loading=\"lazy\" \/>\t\t\t\t\t\t\t\t\t\t\t\t\t\t<\/div>\n\t\t\t\t\t\t<\/div>\n\t\t\t\t<\/div>\n\t\t\t\t\t\t<\/div>\n\t\t\t\t\t<\/div>\n\t\t<\/div>\n\t\t\t\t\t\t\t\t<\/div>\n\t\t\t\t\t<\/div>\n\t\t<\/section>\n\t\t\t\t<section class=\"elementor-section elementor-top-section elementor-element elementor-element-d1a61e4 elementor-section-boxed elementor-section-gap-beside-yes elementor-section-height-default elementor-section-height-default elementor-section-column-vertical-align-stretch\" data-id=\"d1a61e4\" data-element_type=\"section\">\n\t\t\t\t\t\t<div class=\"elementor-container elementor-column-gap-extended\">\n\t\t\t\t\t\t\t<div class=\"elementor-row\">\n\t\t\t\t\t<div class=\"elementor-column elementor-col-100 elementor-top-column elementor-element elementor-element-d25d8d1\" data-id=\"d25d8d1\" data-element_type=\"column\">\n\t\t\t<div class=\"elementor-column-wrap elementor-element-populated\">\n\t\t\t\t\t\t\t<div class=\"elementor-widget-wrap\">\n\t\t\t\t\t\t<div class=\"elementor-element elementor-element-1d40a27 elementor-widget elementor-widget-spacer\" data-id=\"1d40a27\" data-element_type=\"widget\" data-widget_type=\"spacer.default\">\n\t\t\t\t<div class=\"elementor-widget-container\">\n\t\t\t\t\t<div class=\"elementor-spacer\">\n\t\t\t<div class=\"elementor-spacer-inner\"><\/div>\n\t\t<\/div>\n\t\t\t\t<\/div>\n\t\t\t\t<\/div>\n\t\t\t\t\t\t<\/div>\n\t\t\t\t\t<\/div>\n\t\t<\/div>\n\t\t\t\t\t\t\t\t<\/div>\n\t\t\t\t\t<\/div>\n\t\t<\/section>\n\t\t\t\t<section class=\"elementor-section elementor-top-section elementor-element elementor-element-671a3b4 elementor-section-boxed elementor-section-gap-beside-yes elementor-section-height-default elementor-section-height-default elementor-section-column-vertical-align-stretch\" data-id=\"671a3b4\" data-element_type=\"section\">\n\t\t\t\t\t\t<div class=\"elementor-container elementor-column-gap-extended\">\n\t\t\t\t\t\t\t<div class=\"elementor-row\">\n\t\t\t\t\t<div class=\"elementor-column elementor-col-50 elementor-top-column elementor-element elementor-element-5f32554\" data-id=\"5f32554\" data-element_type=\"column\">\n\t\t\t<div class=\"elementor-column-wrap elementor-element-populated\">\n\t\t\t\t\t\t\t<div class=\"elementor-widget-wrap\">\n\t\t\t\t\t\t<div class=\"elementor-element elementor-element-18c1493 elementor-widget elementor-widget-image\" data-id=\"18c1493\" data-element_type=\"widget\" data-widget_type=\"image.default\">\n\t\t\t\t<div class=\"elementor-widget-container\">\n\t\t\t\t\t\t\t\t<div class=\"elementor-image\">\n\t\t\t\t\t\t\t\t\t\t\t\t<img decoding=\"async\" width=\"640\" height=\"360\" src=\"https:\/\/mentory.edu.do\/wp-content\/uploads\/2020\/05\/mentory82-1024x576.png\" class=\"attachment-large size-large wp-image-2921\" alt=\"\" loading=\"lazy\" srcset=\"https:\/\/mentory.edu.do\/wp-content\/uploads\/2020\/05\/mentory82-1024x576.png 1024w, https:\/\/mentory.edu.do\/wp-content\/uploads\/2020\/05\/mentory82-300x169.png 300w, https:\/\/mentory.edu.do\/wp-content\/uploads\/2020\/05\/mentory82-768x432.png 768w, https:\/\/mentory.edu.do\/wp-content\/uploads\/2020\/05\/mentory82-600x338.png 600w, https:\/\/mentory.edu.do\/wp-content\/uploads\/2020\/05\/mentory82.png 1280w\" sizes=\"(max-width: 640px) 100vw, 640px\" title=\"\">\t\t\t\t\t\t\t\t\t\t\t\t\t\t<\/div>\n\t\t\t\t\t\t<\/div>\n\t\t\t\t<\/div>\n\t\t\t\t\t\t<\/div>\n\t\t\t\t\t<\/div>\n\t\t<\/div>\n\t\t\t\t<div class=\"elementor-column elementor-col-50 elementor-top-column elementor-element elementor-element-18af0db\" data-id=\"18af0db\" data-element_type=\"column\">\n\t\t\t<div class=\"elementor-column-wrap elementor-element-populated\">\n\t\t\t\t\t\t\t<div class=\"elementor-widget-wrap\">\n\t\t\t\t\t\t<div class=\"elementor-element elementor-element-cb81769 elementor-widget elementor-widget-tm-heading\" data-id=\"cb81769\" data-element_type=\"widget\" data-widget_type=\"tm-heading.default\">\n\t\t\t\t<div class=\"elementor-widget-container\">\n\t\t\t\t\t<div class=\"tm-modern-heading\">\n\t\t\t\n\t\t\t\t\t<div class=\"heading-primary-wrap\">\n\t\t\t<h3 class=\"heading-primary elementor-heading-title\">SERVICIOS <mark>Y ACTIVIDADES <\/mark><\/h3>\t\t<\/div>\n\t\t\n\t\t\t\n\t\t\t\t\t<\/div>\n\t\t\t\t<\/div>\n\t\t\t\t<\/div>\n\t\t\t\t<div class=\"elementor-element elementor-element-17f499c elementor-widget elementor-widget-tm-heading\" data-id=\"17f499c\" data-element_type=\"widget\" data-widget_type=\"tm-heading.default\">\n\t\t\t\t<div class=\"elementor-widget-container\">\n\t\t\t\t\t<div class=\"tm-modern-heading\">\n\t\t\t\n\t\t\t\n\t\t\t\n\t\t\t\t\t<div class=\"heading-description-wrap\">\n\t\t\t<div class=\"heading-description\">\n\t\t\t\t<ul><li>Programa de coaching en dise\u00f1o y auto-gesti\u00f3n de planes de auto-desarrollo profesional.<\/li><li>Programa de coaching en dise\u00f1o y ejecuci\u00f3n de emprendimientos<\/li><li>Talleres y tutor\u00edales de auto-formaci\u00f3n<\/li><li>Talleres y tutoriales sobre ense\u00f1anza y aprendizaje online<\/li><li>Talleres y tutoriales acad\u00e9micos en ciencias y matem\u00e1tica<\/li><li>Tutor\u00edas acad\u00e9micas en investigaci\u00f3n y elaboraci\u00f3n de informes de tesis de grado<\/li><li>Asistencia t\u00e9cnica de investigaci\u00f3n<\/li><\/ul>\t\t\t<\/div>\n\t\t<\/div>\n\t\t\t<\/div>\n\t\t\t\t<\/div>\n\t\t\t\t<\/div>\n\t\t\t\t\t\t<\/div>\n\t\t\t\t\t<\/div>\n\t\t<\/div>\n\t\t\t\t\t\t\t\t<\/div>\n\t\t\t\t\t<\/div>\n\t\t<\/section>\n\t\t\t\t<section class=\"elementor-section elementor-top-section elementor-element elementor-element-8f5b0bd elementor-section-boxed elementor-section-gap-beside-yes elementor-section-height-default elementor-section-height-default elementor-section-column-vertical-align-stretch\" data-id=\"8f5b0bd\" data-element_type=\"section\">\n\t\t\t\t\t\t<div class=\"elementor-container elementor-column-gap-extended\">\n\t\t\t\t\t\t\t<div class=\"elementor-row\">\n\t\t\t\t\t<div class=\"elementor-column elementor-col-100 elementor-top-column elementor-element elementor-element-9ae7e2f\" data-id=\"9ae7e2f\" data-element_type=\"column\">\n\t\t\t<div class=\"elementor-column-wrap elementor-element-populated\">\n\t\t\t\t\t\t\t<div class=\"elementor-widget-wrap\">\n\t\t\t\t\t\t<div class=\"elementor-element elementor-element-eb61d82 elementor-widget elementor-widget-spacer\" data-id=\"eb61d82\" data-element_type=\"widget\" data-widget_type=\"spacer.default\">\n\t\t\t\t<div class=\"elementor-widget-container\">\n\t\t\t\t\t<div class=\"elementor-spacer\">\n\t\t\t<div class=\"elementor-spacer-inner\"><\/div>\n\t\t<\/div>\n\t\t\t\t<\/div>\n\t\t\t\t<\/div>\n\t\t\t\t\t\t<\/div>\n\t\t\t\t\t<\/div>\n\t\t<\/div>\n\t\t\t\t\t\t\t\t<\/div>\n\t\t\t\t\t<\/div>\n\t\t<\/section>\n\t\t\t\t\t\t\t\t\t<\/div>\n\t\t\t<\/div>\n\t\t\t\t\t<\/div>","protected":false},"excerpt":{"rendered":"<p>UNIDAD DE AUTODESARROLLO PROFESIONAL Desde esta unidad se ofrecen servicios de coaching en dise\u00f1o y auto-gesti\u00f3n de planes de autodesarrollo profesional y en desarrollo de iniciativas de emprendimiento; Servicios de apoyo tutorial para el fortalecimiento de habilidades de auto-formaci\u00f3n\u00a0 y dominio de herramientas de aprendizaje online; Servicios de tutor\u00edas acad\u00e9micas para el dominio de \u00e1reas y contenidos de aprendizajes. SERVICIOS Y ACTIVIDADES Programa de coaching en dise\u00f1o y auto-gesti\u00f3n de planes de auto-desarrollo profesional. Programa de coaching en dise\u00f1o y ejecuci\u00f3n de emprendimientos Talleres y tutor\u00edales de auto-formaci\u00f3n Talleres y tutoriales sobre ense\u00f1anza y aprendizaje online Talleres y tutoriales acad\u00e9micos en ciencias y matem\u00e1tica Tutor\u00edas acad\u00e9micas en investigaci\u00f3n y elaboraci\u00f3n de informes de tesis de grado Asistencia t\u00e9cnica de investigaci\u00f3n<\/p>","protected":false},"author":1,"featured_media":0,"parent":0,"menu_order":0,"comment_status":"closed","ping_status":"closed","template":"","meta":{"_joinchat":[]},"_links":{"self":[{"href":"https:\/\/mentory.edu.do\/en\/wp-json\/wp\/v2\/pages\/2706"}],"collection":[{"href":"https:\/\/mentory.edu.do\/en\/wp-json\/wp\/v2\/pages"}],"about":[{"href":"https:\/\/mentory.edu.do\/en\/wp-json\/wp\/v2\/types\/page"}],"author":[{"embeddable":true,"href":"https:\/\/mentory.edu.do\/en\/wp-json\/wp\/v2\/users\/1"}],"replies":[{"embeddable":true,"href":"https:\/\/mentory.edu.do\/en\/wp-json\/wp\/v2\/comments?post=2706"}],"version-history":[{"count":11,"href":"https:\/\/mentory.edu.do\/en\/wp-json\/wp\/v2\/pages\/2706\/revisions"}],"predecessor-version":[{"id":3167,"href":"https:\/\/mentory.edu.do\/en\/wp-json\/wp\/v2\/pages\/2706\/revisions\/3167"}],"wp:attachment":[{"href":"https:\/\/mentory.edu.do\/en\/wp-json\/wp\/v2\/media?parent=2706"}],"curies":[{"name":"wp","href":"https:\/\/api.w.org\/{rel}","templated":true}]}}