{"id":2711,"date":"2020-05-11T21:04:51","date_gmt":"2020-05-11T21:04:51","guid":{"rendered":"https:\/\/mentoryonline.com\/?page_id=2711"},"modified":"2022-02-03T19:55:44","modified_gmt":"2022-02-03T19:55:44","slug":"servicios-corporativos","status":"publish","type":"page","link":"https:\/\/mentory.edu.do\/en\/servicios-corporativos\/","title":{"rendered":"Servicios Corporativos"},"content":{"rendered":"<div data-elementor-type=\"wp-page\" data-elementor-id=\"2711\" class=\"elementor elementor-2711\">\n\t\t\t\t\t\t<div class=\"elementor-inner\">\n\t\t\t\t<div class=\"elementor-section-wrap\">\n\t\t\t\t\t\t\t\t\t<section class=\"elementor-section elementor-top-section elementor-element elementor-element-88583c1 elementor-reverse-tablet elementor-reverse-mobile elementor-section-column-vertical-align-middle elementor-section-boxed elementor-section-gap-beside-yes elementor-section-height-default elementor-section-height-default\" data-id=\"88583c1\" data-element_type=\"section\">\n\t\t\t\t\t\t<div class=\"elementor-container elementor-column-gap-extended\">\n\t\t\t\t\t\t\t<div class=\"elementor-row\">\n\t\t\t\t\t<div class=\"elementor-column elementor-col-50 elementor-top-column elementor-element elementor-element-7c65ed6 elementor-invisible\" data-id=\"7c65ed6\" data-element_type=\"column\" data-settings=\"{&quot;animation&quot;:&quot;maxcoachFadeInUp&quot;}\">\n\t\t\t<div class=\"elementor-column-wrap elementor-element-populated\">\n\t\t\t\t\t\t\t<div class=\"elementor-widget-wrap\">\n\t\t\t\t\t\t<div class=\"elementor-element elementor-element-edfe88b elementor-invisible elementor-widget elementor-widget-tm-heading\" data-id=\"edfe88b\" data-element_type=\"widget\" data-settings=\"{&quot;_animation&quot;:&quot;maxcoachFadeInUp&quot;}\" data-widget_type=\"tm-heading.default\">\n\t\t\t\t<div class=\"elementor-widget-container\">\n\t\t\t\t\t<div class=\"tm-modern-heading\">\n\t\t\t\n\t\t\t\t\t<div class=\"heading-primary-wrap\">\n\t\t\t<h2 class=\"heading-primary elementor-heading-title\">UNIDAD DE SERVICIOS CORPORATIVO<\/h2>\t\t<\/div>\n\t\t\n\t\t\t\n\t\t\t\t\t<div class=\"heading-description-wrap\">\n\t\t\t<div class=\"heading-description\">\n\t\t\t\t<p>Desde este componente se desarrollan servicios de consultor\u00edas corporativas en desarrollo de programas online de capacitaci\u00f3n para la mejora, dise\u00f1o de proyectos educativos de responsabilidad social corporativa, dise\u00f1o y evaluaci\u00f3n de programas de formaci\u00f3n y proyectos de innovaci\u00f3n educativa, dise\u00f1o de contenidos de aprendizajes en modalidad virtual y l\u00ednea base y monitoreo de ejecuci\u00f3n de proyectos.<\/p>\t\t\t<\/div>\n\t\t<\/div>\n\t\t\t<\/div>\n\t\t\t\t<\/div>\n\t\t\t\t<\/div>\n\t\t\t\t\t\t<\/div>\n\t\t\t\t\t<\/div>\n\t\t<\/div>\n\t\t\t\t<div class=\"elementor-column elementor-col-50 elementor-top-column elementor-element elementor-element-992b15f elementor-invisible\" data-id=\"992b15f\" data-element_type=\"column\" data-settings=\"{&quot;animation&quot;:&quot;maxcoachFadeInUp&quot;}\">\n\t\t\t<div class=\"elementor-column-wrap elementor-element-populated\">\n\t\t\t\t\t\t\t<div class=\"elementor-widget-wrap\">\n\t\t\t\t\t\t<div class=\"elementor-element elementor-element-a07b602 elementor-widget__width-initial elementor-absolute elementor-widget elementor-widget-image\" data-id=\"a07b602\" data-element_type=\"widget\" data-settings=\"{&quot;motion_fx_motion_fx_mouse&quot;:&quot;yes&quot;,&quot;motion_fx_mouseTrack_effect&quot;:&quot;yes&quot;,&quot;_position&quot;:&quot;absolute&quot;,&quot;motion_fx_mouseTrack_speed&quot;:{&quot;unit&quot;:&quot;px&quot;,&quot;size&quot;:1,&quot;sizes&quot;:[]}}\" data-widget_type=\"image.default\">\n\t\t\t\t<div class=\"elementor-widget-container\">\n\t\t\t\t\t\t\t\t<div class=\"elementor-image\">\n\t\t\t\t\t\t\t\t\t\t\t\t<img decoding=\"async\" width=\"152\" height=\"127\" src=\"https:\/\/mentory.edu.do\/wp-content\/uploads\/2019\/12\/maxcoach-shape-08-1.png\" class=\"attachment-full size-full wp-image-476\" alt=\"\" loading=\"lazy\" title=\"\">\t\t\t\t\t\t\t\t\t\t\t\t\t\t<\/div>\n\t\t\t\t\t\t<\/div>\n\t\t\t\t<\/div>\n\t\t\t\t<div class=\"elementor-element elementor-element-a0002f3 elementor-widget__width-auto elementor-absolute elementor-widget-mobile__width-initial elementor-widget elementor-widget-image\" data-id=\"a0002f3\" data-element_type=\"widget\" data-settings=\"{&quot;motion_fx_motion_fx_mouse&quot;:&quot;yes&quot;,&quot;motion_fx_mouseTrack_effect&quot;:&quot;yes&quot;,&quot;motion_fx_mouseTrack_direction&quot;:&quot;negative&quot;,&quot;_position&quot;:&quot;absolute&quot;,&quot;motion_fx_mouseTrack_speed&quot;:{&quot;unit&quot;:&quot;px&quot;,&quot;size&quot;:1,&quot;sizes&quot;:[]}}\" data-widget_type=\"image.default\">\n\t\t\t\t<div class=\"elementor-widget-container\">\n\t\t\t\t\t\t\t\t<div class=\"elementor-image\">\n\t\t\t\t\t\t\t\t\t\t\t\t<img decoding=\"async\" width=\"127\" height=\"123\" src=\"https:\/\/mentory.edu.do\/wp-content\/uploads\/2019\/12\/maxcoach-shape-02-1.png\" class=\"attachment-full size-full wp-image-470\" alt=\"\" loading=\"lazy\" title=\"\">\t\t\t\t\t\t\t\t\t\t\t\t\t\t<\/div>\n\t\t\t\t\t\t<\/div>\n\t\t\t\t<\/div>\n\t\t\t\t<div class=\"elementor-element elementor-element-d2bc43a elementor-widget__width-initial elementor-absolute elementor-widget-mobile__width-initial elementor-widget elementor-widget-image\" data-id=\"d2bc43a\" data-element_type=\"widget\" data-settings=\"{&quot;motion_fx_motion_fx_mouse&quot;:&quot;yes&quot;,&quot;motion_fx_mouseTrack_effect&quot;:&quot;yes&quot;,&quot;_position&quot;:&quot;absolute&quot;,&quot;motion_fx_mouseTrack_speed&quot;:{&quot;unit&quot;:&quot;px&quot;,&quot;size&quot;:1,&quot;sizes&quot;:[]}}\" data-widget_type=\"image.default\">\n\t\t\t\t<div class=\"elementor-widget-container\">\n\t\t\t\t\t\t\t\t<div class=\"elementor-image\">\n\t\t\t\t\t\t\t\t\t\t\t\t<img decoding=\"async\" width=\"170\" height=\"170\" src=\"https:\/\/mentory.edu.do\/wp-content\/uploads\/2019\/12\/maxcoach-shape-07-1.png\" class=\"attachment-full size-full wp-image-477\" alt=\"\" loading=\"lazy\" srcset=\"https:\/\/mentory.edu.do\/wp-content\/uploads\/2019\/12\/maxcoach-shape-07-1.png 170w, https:\/\/mentory.edu.do\/wp-content\/uploads\/2019\/12\/maxcoach-shape-07-1-100x100.png 100w, https:\/\/mentory.edu.do\/wp-content\/uploads\/2019\/12\/maxcoach-shape-07-1-150x150.png 150w, https:\/\/mentory.edu.do\/wp-content\/uploads\/2019\/12\/maxcoach-shape-07-1-96x96.png 96w\" sizes=\"(max-width: 170px) 100vw, 170px\" title=\"\">\t\t\t\t\t\t\t\t\t\t\t\t\t\t<\/div>\n\t\t\t\t\t\t<\/div>\n\t\t\t\t<\/div>\n\t\t\t\t<div class=\"elementor-element elementor-element-613be82 elementor-widget__width-auto elementor-absolute elementor-hidden-phone elementor-widget elementor-widget-image\" data-id=\"613be82\" data-element_type=\"widget\" data-settings=\"{&quot;motion_fx_motion_fx_mouse&quot;:&quot;yes&quot;,&quot;motion_fx_mouseTrack_effect&quot;:&quot;yes&quot;,&quot;_position&quot;:&quot;absolute&quot;,&quot;motion_fx_mouseTrack_speed&quot;:{&quot;unit&quot;:&quot;px&quot;,&quot;size&quot;:1,&quot;sizes&quot;:[]}}\" data-widget_type=\"image.default\">\n\t\t\t\t<div class=\"elementor-widget-container\">\n\t\t\t\t\t\t\t\t<div class=\"elementor-image\">\n\t\t\t\t\t\t\t\t\t\t\t\t<img decoding=\"async\" width=\"152\" height=\"127\" src=\"https:\/\/mentory.edu.do\/wp-content\/uploads\/2019\/12\/maxcoach-shape-08-1.png\" class=\"attachment-full size-full wp-image-476\" alt=\"\" loading=\"lazy\" title=\"\">\t\t\t\t\t\t\t\t\t\t\t\t\t\t<\/div>\n\t\t\t\t\t\t<\/div>\n\t\t\t\t<\/div>\n\t\t\t\t<div class=\"elementor-element elementor-element-8212a86 maxcoach-shape-border-circle elementor-widget__width-auto elementor-absolute elementor-widget elementor-widget-tm-shapes\" data-id=\"8212a86\" data-element_type=\"widget\" data-settings=\"{&quot;motion_fx_motion_fx_mouse&quot;:&quot;yes&quot;,&quot;motion_fx_mouseTrack_effect&quot;:&quot;yes&quot;,&quot;motion_fx_mouseTrack_direction&quot;:&quot;negative&quot;,&quot;_position&quot;:&quot;absolute&quot;,&quot;motion_fx_mouseTrack_speed&quot;:{&quot;unit&quot;:&quot;px&quot;,&quot;size&quot;:1,&quot;sizes&quot;:[]}}\" data-widget_type=\"tm-shapes.default\">\n\t\t\t\t<div class=\"elementor-widget-container\">\n\t\t\t\t\t<div class=\"maxcoach-shape maxcoach-shape-1-1\">\n\t\t\t\t\t\t\t<div class=\"shape\"><\/div>\n\t\t\t\t\t<\/div>\n\t\t\t\t<\/div>\n\t\t\t\t<\/div>\n\t\t\t\t<div class=\"elementor-element elementor-element-6a68ff1 elementor-widget__width-auto elementor-widget elementor-widget-image\" data-id=\"6a68ff1\" data-element_type=\"widget\" data-widget_type=\"image.default\">\n\t\t\t\t<div class=\"elementor-widget-container\">\n\t\t\t\t\t\t\t\t<div class=\"elementor-image\">\n\t\t\t\t\t\t\t\t\t\t\t\t<img decoding=\"async\" src=\"https:\/\/mentory.edu.do\/wp-content\/uploads\/elementor\/thumbs\/mentory_programa_3-pcrk94n1ub8c3rymb7arh0xl26728ofov0yqu37jd0.jpg\" title=\"mentory_programa_3\" alt=\"mentory_programa_3\" loading=\"lazy\" \/>\t\t\t\t\t\t\t\t\t\t\t\t\t\t<\/div>\n\t\t\t\t\t\t<\/div>\n\t\t\t\t<\/div>\n\t\t\t\t\t\t<\/div>\n\t\t\t\t\t<\/div>\n\t\t<\/div>\n\t\t\t\t\t\t\t\t<\/div>\n\t\t\t\t\t<\/div>\n\t\t<\/section>\n\t\t\t\t<section class=\"elementor-section elementor-top-section elementor-element elementor-element-d1a61e4 elementor-section-boxed elementor-section-gap-beside-yes elementor-section-height-default elementor-section-height-default elementor-section-column-vertical-align-stretch\" data-id=\"d1a61e4\" data-element_type=\"section\">\n\t\t\t\t\t\t<div class=\"elementor-container elementor-column-gap-extended\">\n\t\t\t\t\t\t\t<div class=\"elementor-row\">\n\t\t\t\t\t<div class=\"elementor-column elementor-col-100 elementor-top-column elementor-element elementor-element-d25d8d1\" data-id=\"d25d8d1\" data-element_type=\"column\">\n\t\t\t<div class=\"elementor-column-wrap elementor-element-populated\">\n\t\t\t\t\t\t\t<div class=\"elementor-widget-wrap\">\n\t\t\t\t\t\t<div class=\"elementor-element elementor-element-1d40a27 elementor-widget elementor-widget-spacer\" data-id=\"1d40a27\" data-element_type=\"widget\" data-widget_type=\"spacer.default\">\n\t\t\t\t<div class=\"elementor-widget-container\">\n\t\t\t\t\t<div class=\"elementor-spacer\">\n\t\t\t<div class=\"elementor-spacer-inner\"><\/div>\n\t\t<\/div>\n\t\t\t\t<\/div>\n\t\t\t\t<\/div>\n\t\t\t\t\t\t<\/div>\n\t\t\t\t\t<\/div>\n\t\t<\/div>\n\t\t\t\t\t\t\t\t<\/div>\n\t\t\t\t\t<\/div>\n\t\t<\/section>\n\t\t\t\t<section class=\"elementor-section elementor-top-section elementor-element elementor-element-671a3b4 elementor-section-boxed elementor-section-gap-beside-yes elementor-section-height-default elementor-section-height-default elementor-section-column-vertical-align-stretch\" data-id=\"671a3b4\" data-element_type=\"section\">\n\t\t\t\t\t\t<div class=\"elementor-container elementor-column-gap-extended\">\n\t\t\t\t\t\t\t<div class=\"elementor-row\">\n\t\t\t\t\t<div class=\"elementor-column elementor-col-50 elementor-top-column elementor-element elementor-element-5f32554\" data-id=\"5f32554\" data-element_type=\"column\">\n\t\t\t<div class=\"elementor-column-wrap elementor-element-populated\">\n\t\t\t\t\t\t\t<div class=\"elementor-widget-wrap\">\n\t\t\t\t\t\t<div class=\"elementor-element elementor-element-18c1493 elementor-widget elementor-widget-image\" data-id=\"18c1493\" data-element_type=\"widget\" data-widget_type=\"image.default\">\n\t\t\t\t<div class=\"elementor-widget-container\">\n\t\t\t\t\t\t\t\t<div class=\"elementor-image\">\n\t\t\t\t\t\t\t\t\t\t\t\t<img decoding=\"async\" width=\"640\" height=\"360\" src=\"https:\/\/mentory.edu.do\/wp-content\/uploads\/2020\/05\/mentory14-1024x576.png\" class=\"attachment-large size-large wp-image-2911\" alt=\"\" loading=\"lazy\" srcset=\"https:\/\/mentory.edu.do\/wp-content\/uploads\/2020\/05\/mentory14-1024x576.png 1024w, https:\/\/mentory.edu.do\/wp-content\/uploads\/2020\/05\/mentory14-300x169.png 300w, https:\/\/mentory.edu.do\/wp-content\/uploads\/2020\/05\/mentory14-768x432.png 768w, https:\/\/mentory.edu.do\/wp-content\/uploads\/2020\/05\/mentory14-600x338.png 600w, https:\/\/mentory.edu.do\/wp-content\/uploads\/2020\/05\/mentory14.png 1280w\" sizes=\"(max-width: 640px) 100vw, 640px\" title=\"\">\t\t\t\t\t\t\t\t\t\t\t\t\t\t<\/div>\n\t\t\t\t\t\t<\/div>\n\t\t\t\t<\/div>\n\t\t\t\t\t\t<\/div>\n\t\t\t\t\t<\/div>\n\t\t<\/div>\n\t\t\t\t<div class=\"elementor-column elementor-col-50 elementor-top-column elementor-element elementor-element-18af0db\" data-id=\"18af0db\" data-element_type=\"column\">\n\t\t\t<div class=\"elementor-column-wrap elementor-element-populated\">\n\t\t\t\t\t\t\t<div class=\"elementor-widget-wrap\">\n\t\t\t\t\t\t<div class=\"elementor-element elementor-element-cb81769 elementor-widget elementor-widget-tm-heading\" data-id=\"cb81769\" data-element_type=\"widget\" data-widget_type=\"tm-heading.default\">\n\t\t\t\t<div class=\"elementor-widget-container\">\n\t\t\t\t\t<div class=\"tm-modern-heading\">\n\t\t\t\n\t\t\t\t\t<div class=\"heading-primary-wrap\">\n\t\t\t<h3 class=\"heading-primary elementor-heading-title\">SERVICIOS <mark>Y ACTIVIDADES <\/mark><\/h3>\t\t<\/div>\n\t\t\n\t\t\t\n\t\t\t\t\t<\/div>\n\t\t\t\t<\/div>\n\t\t\t\t<\/div>\n\t\t\t\t<div class=\"elementor-element elementor-element-17f499c elementor-widget elementor-widget-tm-heading\" data-id=\"17f499c\" data-element_type=\"widget\" data-widget_type=\"tm-heading.default\">\n\t\t\t\t<div class=\"elementor-widget-container\">\n\t\t\t\t\t<div class=\"tm-modern-heading\">\n\t\t\t\n\t\t\t\n\t\t\t\n\t\t\t\t\t<div class=\"heading-description-wrap\">\n\t\t\t<div class=\"heading-description\">\n\t\t\t\t<ul><li>Dise\u00f1o y evaluaci\u00f3n de programas acad\u00e9micos de formaci\u00f3n y capacitaci\u00f3n.<\/li><li>Dise\u00f1o y acompa\u00f1amiento en la implementaci\u00f3n de proyectos de tecnolog\u00eda educativa.<\/li><li>Evaluaci\u00f3n para la mejora de instituciones culturales, sociales y educativas.<\/li><li>Dise\u00f1o de espacios de aprendizajes en el hogar.<\/li><li>Soluciones did\u00e1cticas para instituciones no educativas.<\/li><li>Programas educativos de responsabilidad social corporativa.<\/li><li>Dise\u00f1o de recursos y contenidos educativos.<\/li><li>Estudios de l\u00ednea base y de impacto.<\/li><li>Estudios de mercado.<\/li><\/ul>\t\t\t<\/div>\n\t\t<\/div>\n\t\t\t<\/div>\n\t\t\t\t<\/div>\n\t\t\t\t<\/div>\n\t\t\t\t\t\t<\/div>\n\t\t\t\t\t<\/div>\n\t\t<\/div>\n\t\t\t\t\t\t\t\t<\/div>\n\t\t\t\t\t<\/div>\n\t\t<\/section>\n\t\t\t\t<section class=\"elementor-section elementor-top-section elementor-element elementor-element-8f5b0bd elementor-section-boxed elementor-section-gap-beside-yes elementor-section-height-default elementor-section-height-default elementor-section-column-vertical-align-stretch\" data-id=\"8f5b0bd\" data-element_type=\"section\">\n\t\t\t\t\t\t<div class=\"elementor-container elementor-column-gap-extended\">\n\t\t\t\t\t\t\t<div class=\"elementor-row\">\n\t\t\t\t\t<div class=\"elementor-column elementor-col-100 elementor-top-column elementor-element elementor-element-9ae7e2f\" data-id=\"9ae7e2f\" data-element_type=\"column\">\n\t\t\t<div class=\"elementor-column-wrap elementor-element-populated\">\n\t\t\t\t\t\t\t<div class=\"elementor-widget-wrap\">\n\t\t\t\t\t\t<div class=\"elementor-element elementor-element-eb61d82 elementor-widget elementor-widget-spacer\" data-id=\"eb61d82\" data-element_type=\"widget\" data-widget_type=\"spacer.default\">\n\t\t\t\t<div class=\"elementor-widget-container\">\n\t\t\t\t\t<div class=\"elementor-spacer\">\n\t\t\t<div class=\"elementor-spacer-inner\"><\/div>\n\t\t<\/div>\n\t\t\t\t<\/div>\n\t\t\t\t<\/div>\n\t\t\t\t\t\t<\/div>\n\t\t\t\t\t<\/div>\n\t\t<\/div>\n\t\t\t\t\t\t\t\t<\/div>\n\t\t\t\t\t<\/div>\n\t\t<\/section>\n\t\t\t\t\t\t\t\t\t<\/div>\n\t\t\t<\/div>\n\t\t\t\t\t<\/div>","protected":false},"excerpt":{"rendered":"<p>UNIDAD DE SERVICIOS CORPORATIVO Desde este componente se desarrollan servicios de consultor\u00edas corporativas en desarrollo de programas online de capacitaci\u00f3n para la mejora, dise\u00f1o de proyectos educativos de responsabilidad social corporativa, dise\u00f1o y evaluaci\u00f3n de programas de formaci\u00f3n y proyectos de innovaci\u00f3n educativa, dise\u00f1o de contenidos de aprendizajes en modalidad virtual y l\u00ednea base y monitoreo de ejecuci\u00f3n de proyectos. SERVICIOS Y ACTIVIDADES Dise\u00f1o y evaluaci\u00f3n de programas acad\u00e9micos de formaci\u00f3n y capacitaci\u00f3n. Dise\u00f1o y acompa\u00f1amiento en la implementaci\u00f3n de proyectos de tecnolog\u00eda educativa. Evaluaci\u00f3n para la mejora de instituciones culturales, sociales y educativas. Dise\u00f1o de espacios de aprendizajes en el hogar. Soluciones did\u00e1cticas para instituciones no educativas. Programas educativos de responsabilidad social corporativa. Dise\u00f1o de recursos y contenidos educativos. Estudios de l\u00ednea base y de impacto. Estudios de mercado.<\/p>","protected":false},"author":1,"featured_media":0,"parent":0,"menu_order":0,"comment_status":"closed","ping_status":"closed","template":"","meta":{"_joinchat":[]},"_links":{"self":[{"href":"https:\/\/mentory.edu.do\/en\/wp-json\/wp\/v2\/pages\/2711"}],"collection":[{"href":"https:\/\/mentory.edu.do\/en\/wp-json\/wp\/v2\/pages"}],"about":[{"href":"https:\/\/mentory.edu.do\/en\/wp-json\/wp\/v2\/types\/page"}],"author":[{"embeddable":true,"href":"https:\/\/mentory.edu.do\/en\/wp-json\/wp\/v2\/users\/1"}],"replies":[{"embeddable":true,"href":"https:\/\/mentory.edu.do\/en\/wp-json\/wp\/v2\/comments?post=2711"}],"version-history":[{"count":9,"href":"https:\/\/mentory.edu.do\/en\/wp-json\/wp\/v2\/pages\/2711\/revisions"}],"predecessor-version":[{"id":3169,"href":"https:\/\/mentory.edu.do\/en\/wp-json\/wp\/v2\/pages\/2711\/revisions\/3169"}],"wp:attachment":[{"href":"https:\/\/mentory.edu.do\/en\/wp-json\/wp\/v2\/media?parent=2711"}],"curies":[{"name":"wp","href":"https:\/\/api.w.org\/{rel}","templated":true}]}}